{"id":60,"date":"2024-09-16T19:05:49","date_gmt":"2024-09-16T19:05:49","guid":{"rendered":"https:\/\/opheliafox.com\/about\/"},"modified":"2025-06-10T18:40:48","modified_gmt":"2025-06-10T18:40:48","slug":"about","status":"publish","type":"page","link":"https:\/\/opheliafox.com\/es\/about\/","title":{"rendered":"Acerca de"},"content":{"rendered":"<div data-elementor-type=\"wp-page\" data-elementor-id=\"60\" class=\"elementor elementor-60\" data-elementor-post-type=\"page\">\n\t\t\t\t<div class=\"elementor-element elementor-element-44850b4f e-con-full e-flex e-con e-parent\" data-id=\"44850b4f\" data-element_type=\"container\" data-e-type=\"container\" data-settings=\"{&quot;background_background&quot;:&quot;classic&quot;}\">\n\t\t<div class=\"elementor-element elementor-element-537c6905 e-con-full e-flex e-con e-child\" data-id=\"537c6905\" data-element_type=\"container\" data-e-type=\"container\" data-settings=\"{&quot;background_background&quot;:&quot;classic&quot;}\">\n\t\t<div class=\"elementor-element elementor-element-2998c58 e-con-full elementor-hidden-desktop e-flex e-con e-child\" data-id=\"2998c58\" data-element_type=\"container\" data-e-type=\"container\" data-settings=\"{&quot;background_background&quot;:&quot;classic&quot;}\">\n\t\t\t\t<\/div>\n\t\t\t\t<div class=\"elementor-element elementor-element-53e2d567 elementor-hidden-laptop elementor-hidden-tablet_extra elementor-hidden-tablet elementor-hidden-mobile_extra elementor-hidden-mobile elementor-invisible elementor-widget elementor-widget-image\" data-id=\"53e2d567\" data-element_type=\"widget\" data-e-type=\"widget\" data-settings=\"{&quot;_animation&quot;:&quot;fadeIn&quot;}\" data-widget_type=\"image.default\">\n\t\t\t\t<div class=\"elementor-widget-container\">\n\t\t\t\t\t\t\t\t\t\t\t\t\t\t\t<img fetchpriority=\"high\" decoding=\"async\" width=\"2560\" height=\"1707\" src=\"https:\/\/i0.wp.com\/opheliafox.com\/wp-content\/uploads\/2024\/09\/CC3A9451-Edit-scaled.jpg?fit=2560%2C1707&amp;ssl=1\" class=\"attachment-full size-full wp-image-122\" alt=\"\" srcset=\"https:\/\/i0.wp.com\/opheliafox.com\/wp-content\/uploads\/2024\/09\/CC3A9451-Edit-scaled.jpg?w=2560&amp;ssl=1 2560w, https:\/\/i0.wp.com\/opheliafox.com\/wp-content\/uploads\/2024\/09\/CC3A9451-Edit-scaled.jpg?resize=300%2C200&amp;ssl=1 300w, https:\/\/i0.wp.com\/opheliafox.com\/wp-content\/uploads\/2024\/09\/CC3A9451-Edit-scaled.jpg?resize=1024%2C683&amp;ssl=1 1024w, https:\/\/i0.wp.com\/opheliafox.com\/wp-content\/uploads\/2024\/09\/CC3A9451-Edit-scaled.jpg?resize=768%2C512&amp;ssl=1 768w, https:\/\/i0.wp.com\/opheliafox.com\/wp-content\/uploads\/2024\/09\/CC3A9451-Edit-scaled.jpg?resize=1536%2C1024&amp;ssl=1 1536w, https:\/\/i0.wp.com\/opheliafox.com\/wp-content\/uploads\/2024\/09\/CC3A9451-Edit-scaled.jpg?resize=2048%2C1365&amp;ssl=1 2048w, https:\/\/i0.wp.com\/opheliafox.com\/wp-content\/uploads\/2024\/09\/CC3A9451-Edit-scaled.jpg?w=1600&amp;ssl=1 1600w, https:\/\/i0.wp.com\/opheliafox.com\/wp-content\/uploads\/2024\/09\/CC3A9451-Edit-scaled.jpg?w=2400&amp;ssl=1 2400w\" sizes=\"(max-width: 800px) 100vw, 800px\" \/>\t\t\t\t\t\t\t\t\t\t\t\t\t\t\t<\/div>\n\t\t\t\t<\/div>\n\t\t\t\t<\/div>\n\t\t<div class=\"elementor-element elementor-element-2513b2f e-con-full e-flex e-con e-child\" data-id=\"2513b2f\" data-element_type=\"container\" data-e-type=\"container\" data-settings=\"{&quot;background_background&quot;:&quot;gradient&quot;}\">\n\t\t\t\t<div class=\"elementor-element elementor-element-4daf6c43 elementor-invisible elementor-widget elementor-widget-heading\" data-id=\"4daf6c43\" data-element_type=\"widget\" data-e-type=\"widget\" data-settings=\"{&quot;_animation&quot;:&quot;fadeIn&quot;}\" data-widget_type=\"heading.default\">\n\t\t\t\t<div class=\"elementor-widget-container\">\n\t\t\t\t\t<h1 class=\"elementor-heading-title elementor-size-default\">Mi Historia<\/h1>\t\t\t\t<\/div>\n\t\t\t\t<\/div>\n\t\t\t\t<div class=\"elementor-element elementor-element-2fc3393 elementor-widget elementor-widget-text-editor\" data-id=\"2fc3393\" data-element_type=\"widget\" data-e-type=\"widget\" data-widget_type=\"text-editor.default\">\n\t\t\t\t<div class=\"elementor-widget-container\">\n\t\t\t\t\t\t\t\t\t<p><span style=\"font-weight: 400;\">Nac\u00ed en Londres y pas\u00e9 mis a\u00f1os de formaci\u00f3n en el vibrante Nueva York de los a\u00f1os 80 antes de mudarme a Chile y Per\u00fa para seguir mi camino en Latinoam\u00e9rica. Mi formaci\u00f3n multicultural molde\u00f3 profundamente mi visi\u00f3n del mundo y mi comprensi\u00f3n de la diversidad y las din\u00e1micas interpersonales.\u00a0<\/span><\/p><p><span style=\"font-weight: 400;\">Crecer en Nueva York y estudiar en las Naciones Unidas aliment\u00f3 mi pasi\u00f3n por la antropolog\u00eda y la sociolog\u00eda, profundizando mi amor por la cultura, la m\u00fasica, el arte, la historia y la sociedad. En mi \u00faltimo a\u00f1o en la universidad, un trabajo de verano crucial en Wall Street despert\u00f3 mi curiosidad por los negocios, inspir\u00e1ndome a combinarlos con mis estudios de antropolog\u00eda. Despu\u00e9s de graduarme y trabajar en un proyecto arqueol\u00f3gico en el desierto de Atacama de Chile, descubr\u00ed que si bien apreciaba la disciplina, mi verdadera pasi\u00f3n resid\u00eda en crear impacto a trav\u00e9s de las personas y las organizaciones. Esta constataci\u00f3n me llev\u00f3 a cursar un MBA y un M\u00e1ster en Liderazgo Organizacional, donde encontr\u00e9 una forma significativa de conectar las humanidades con los negocios.<\/span><\/p><p><span style=\"font-weight: 400;\">Ahora, con m\u00e1s de 20 a\u00f1os de experiencia en Recursos Humanos, me dedico con pasi\u00f3n a empoderar a clientes diversos para que sean valientes en sus decisiones de carrera. Mi recorrido ha sido cuidadosamente dise\u00f1ado, y me dedico a ayudar a otros a navegar por sus caminos profesionales, mientras definen su visi\u00f3n, misi\u00f3n y prop\u00f3sito \u00fanicos.<\/span><\/p>\t\t\t\t\t\t\t\t<\/div>\n\t\t\t\t<\/div>\n\t\t\t\t<\/div>\n\t\t\t\t<\/div>\n\t\t<div class=\"elementor-element elementor-element-0003d60 e-con-full e-flex e-con e-parent\" data-id=\"0003d60\" data-element_type=\"container\" data-e-type=\"container\" data-settings=\"{&quot;background_background&quot;:&quot;classic&quot;}\">\n\t\t<div class=\"elementor-element elementor-element-834d6d7 e-con-full e-flex e-con e-child\" data-id=\"834d6d7\" data-element_type=\"container\" data-e-type=\"container\">\n\t\t\t\t<div class=\"elementor-element elementor-element-87d4046 elementor-invisible elementor-widget elementor-widget-heading\" data-id=\"87d4046\" data-element_type=\"widget\" data-e-type=\"widget\" data-settings=\"{&quot;_animation&quot;:&quot;fadeIn&quot;}\" data-widget_type=\"heading.default\">\n\t\t\t\t<div class=\"elementor-widget-container\">\n\t\t\t\t\t<h1 class=\"elementor-heading-title elementor-size-default\">Mi Motivaci\u00f3n<\/h1>\t\t\t\t<\/div>\n\t\t\t\t<\/div>\n\t\t\t\t<div class=\"elementor-element elementor-element-4e37d4b elementor-invisible elementor-widget elementor-widget-heading\" data-id=\"4e37d4b\" data-element_type=\"widget\" data-e-type=\"widget\" data-settings=\"{&quot;_animation&quot;:&quot;fadeIn&quot;}\" data-widget_type=\"heading.default\">\n\t\t\t\t<div class=\"elementor-widget-container\">\n\t\t\t\t\t<h1 class=\"elementor-heading-title elementor-size-default\">para inspirar el cambio\n<\/h1>\t\t\t\t<\/div>\n\t\t\t\t<\/div>\n\t\t\t\t<div class=\"elementor-element elementor-element-1fca783 elementor-widget elementor-widget-text-editor\" data-id=\"1fca783\" data-element_type=\"widget\" data-e-type=\"widget\" data-widget_type=\"text-editor.default\">\n\t\t\t\t<div class=\"elementor-widget-container\">\n\t\t\t\t\t\t\t\t\t<p>Lo que m\u00e1s me motiva es el profundo y duradero impacto que puedo tener en la vida de las personas. A lo largo de mi trayectoria como coach ejecutivo y de carrera, he sido testigo de c\u00f3mo la orientaci\u00f3n profunda y la reflexi\u00f3n estrat\u00e9gica pueden transformar por completo el camino de una persona. Aporto la perspectiva de un \"antrop\u00f3logo de carrera\", combinando la narraci\u00f3n, la perspectiva cultural y la perspicacia empresarial para ayudar a las personas a comprender su pasado, aclarar su presente y dise\u00f1ar un futuro significativo.<\/p><p>Vivimos en una era de transformaci\u00f3n acelerada. Seg\u00fan el Informe sobre el Futuro del Empleo 2025 del Foro Econ\u00f3mico Mundial, se prev\u00e9 que casi el 39 % de las competencias clave cambien para 2030, impulsado por los r\u00e1pidos avances en IA, automatizaci\u00f3n y tecnolog\u00edas digitales. Esta disrupci\u00f3n genera incertidumbre y oportunidades, y refuerza mi motivaci\u00f3n. Mi trabajo responde a este cambio: ayudo a personas y l\u00edderes a desarrollar la claridad, la adaptabilidad y la visi\u00f3n estrat\u00e9gica necesarias para afrontar el futuro.<\/p><p>Me impulsan profundamente los valores de autenticidad, valent\u00eda, empat\u00eda e integridad. Estos valores definen mi forma de mentorizar, entrenar y desafiar a mis clientes, ya sea que est\u00e9n redefiniendo sus carreras, asumiendo un liderazgo o prepar\u00e1ndose para transiciones en diferentes geograf\u00edas e industrias. Me apasiona especialmente empoderar a las mujeres y apoyar el crecimiento intercultural, garantizando que las voces diversas tengan espacio para liderar y forjar el futuro.<\/p><p>Cada conversaci\u00f3n es una oportunidad para fomentar la autoconciencia, la resiliencia y el prop\u00f3sito. Apoyo a mis clientes en el desarrollo de las habilidades para liderar con confianza, participar en conversaciones cruciales sobre su carrera profesional y tomar decisiones alineadas con sus valores personales y las transformaciones que est\u00e1n transformando el mundo laboral.<\/p><p>Mi motivaci\u00f3n reside en generar un efecto domin\u00f3 que empodere a las personas para prosperar, fomente entornos de trabajo m\u00e1s inclusivos e inspire a las organizaciones a liderar con coraz\u00f3n e inteligencia. Creo en un futuro donde las personas est\u00e9n preparadas no solo para adaptarse al cambio, sino tambi\u00e9n para impulsarlo con intenci\u00f3n, prop\u00f3sito y valent\u00eda.<\/p>\t\t\t\t\t\t\t\t<\/div>\n\t\t\t\t<\/div>\n\t\t\t\t<\/div>\n\t\t\t\t<\/div>\n\t\t<div class=\"elementor-element elementor-element-75d466f e-con-full e-flex e-con e-parent\" data-id=\"75d466f\" data-element_type=\"container\" data-e-type=\"container\" data-settings=\"{&quot;background_background&quot;:&quot;classic&quot;}\">\n\t\t<div class=\"elementor-element elementor-element-9e2d2b6 e-con-full e-flex e-con e-child\" data-id=\"9e2d2b6\" data-element_type=\"container\" data-e-type=\"container\">\n\t\t\t\t<div class=\"elementor-element elementor-element-34678db elementor-invisible elementor-widget elementor-widget-heading\" data-id=\"34678db\" data-element_type=\"widget\" data-e-type=\"widget\" data-settings=\"{&quot;_animation&quot;:&quot;fadeIn&quot;}\" data-widget_type=\"heading.default\">\n\t\t\t\t<div class=\"elementor-widget-container\">\n\t\t\t\t\t<h1 class=\"elementor-heading-title elementor-size-default\">Mi estilo de vida<\/h1>\t\t\t\t<\/div>\n\t\t\t\t<\/div>\n\t\t\t\t<div class=\"elementor-element elementor-element-5eb37fe elementor-widget elementor-widget-text-editor\" data-id=\"5eb37fe\" data-element_type=\"widget\" data-e-type=\"widget\" data-widget_type=\"text-editor.default\">\n\t\t\t\t<div class=\"elementor-widget-container\">\n\t\t\t\t\t\t\t\t\t<p>Tengo una profunda conexi\u00f3n con la naturaleza, disfruto de diversas actividades al aire libre y valoro participar en proyectos diarios. Me mantengo activa a trav\u00e9s del ejercicio y el deporte, y priorizo \u200b\u200bla nutrici\u00f3n como parte fundamental para mantener un estilo de vida equilibrado y saludable.<\/p><p>La m\u00fasica es otra parte esencial de mi vida. Me expreso a trav\u00e9s del canto, tocando la flauta y el piano, y usando mi voz. Me encanta descubrir y escuchar varios g\u00e9neros, incluyendo jazz y m\u00fasica de meditaci\u00f3n. Mi aprecio por las artes se extiende al teatro, la \u00f3pera y los musicales, que me traen una inmensa alegr\u00eda. A menudo uso la m\u00fasica como herramienta para la meditaci\u00f3n y encuentro consuelo en los sonidos de la naturaleza. Practicar la Meditaci\u00f3n de los Corazones Gemelos a diario me ayuda a mantener mi equilibrio interior.<\/p><p>Valoro mucho una vida social vibrante rodeada de familia y amigos. Me encanta organizar almuerzos, meriendas y cenas familiares, creando un ambiente acogedor donde todos se sienten como en casa. Las tradiciones y celebraciones ocupan un lugar especial en mi coraz\u00f3n, ya que encuentro una inmensa alegr\u00eda al conmemorar logros, cumplea\u00f1os, festividades, aniversarios y otros eventos especiales con mis seres queridos. Soy aventurera por naturaleza y disfruto escuchando los viajes y experiencias de los dem\u00e1s. Tambi\u00e9n valoro la amistad, dedicando tiempo a conectar con un caf\u00e9 para construir v\u00ednculos \u00fanicos. Apasionada por el desarrollo personal y profesional, me encanta leer y escuchar audiolibros y actualmente estoy involucrada en LifeBook, lo cual es vital para mantener un equilibrio en los diferentes aspectos de mi vida.<\/p>\t\t\t\t\t\t\t\t<\/div>\n\t\t\t\t<\/div>\n\t\t\t\t<\/div>\n\t\t\t\t<\/div>\n\t\t<div class=\"elementor-element elementor-element-44f320f e-con-full e-flex e-con e-parent\" data-id=\"44f320f\" data-element_type=\"container\" data-e-type=\"container\" data-settings=\"{&quot;background_background&quot;:&quot;classic&quot;}\">\n\t\t<div class=\"elementor-element elementor-element-560c53c e-con-full e-flex e-con e-child\" data-id=\"560c53c\" data-element_type=\"container\" data-e-type=\"container\" data-settings=\"{&quot;background_background&quot;:&quot;classic&quot;}\">\n\t\t<div class=\"elementor-element elementor-element-505eca8 e-con-full elementor-hidden-desktop e-flex e-con e-child\" data-id=\"505eca8\" data-element_type=\"container\" data-e-type=\"container\" data-settings=\"{&quot;background_background&quot;:&quot;classic&quot;}\">\n\t\t\t\t<\/div>\n\t\t\t\t<div class=\"elementor-element elementor-element-df8bd1b elementor-hidden-laptop elementor-hidden-tablet_extra elementor-hidden-tablet elementor-hidden-mobile_extra elementor-hidden-mobile elementor-invisible elementor-widget elementor-widget-image\" data-id=\"df8bd1b\" data-element_type=\"widget\" data-e-type=\"widget\" data-settings=\"{&quot;_animation&quot;:&quot;fadeIn&quot;}\" data-widget_type=\"image.default\">\n\t\t\t\t<div class=\"elementor-widget-container\">\n\t\t\t\t\t\t\t\t\t\t\t\t\t\t\t<img decoding=\"async\" width=\"2560\" height=\"1706\" src=\"https:\/\/opheliafox.com\/wp-content\/uploads\/2025\/05\/trees-583174-scaled.avif\" class=\"attachment-full size-full wp-image-1828 not-transparent\" alt=\"\" srcset=\"https:\/\/opheliafox.com\/wp-content\/uploads\/2025\/05\/trees-583174-scaled.avif 2560w, https:\/\/opheliafox.com\/wp-content\/uploads\/2025\/05\/trees-583174-300x200.avif 300w, https:\/\/opheliafox.com\/wp-content\/uploads\/2025\/05\/trees-583174-1024x683.avif 1024w, https:\/\/opheliafox.com\/wp-content\/uploads\/2025\/05\/trees-583174-768x512.avif 768w, https:\/\/opheliafox.com\/wp-content\/uploads\/2025\/05\/trees-583174-1536x1024.avif 1536w, https:\/\/opheliafox.com\/wp-content\/uploads\/2025\/05\/trees-583174-2048x1365.avif 2048w, https:\/\/opheliafox.com\/wp-content\/uploads\/2025\/05\/trees-583174-18x12.avif 18w, https:\/\/opheliafox.com\/wp-content\/uploads\/2025\/05\/trees-583174-scaled.avif 1600w, https:\/\/opheliafox.com\/wp-content\/uploads\/2025\/05\/trees-583174-scaled.avif 2400w\" sizes=\"(max-width: 800px) 100vw, 800px\" data-has-transparency=\"false\" data-dominant-color=\"66736b\" style=\"--dominant-color: #66736b\" \/>\t\t\t\t\t\t\t\t\t\t\t\t\t\t\t<\/div>\n\t\t\t\t<\/div>\n\t\t\t\t<\/div>\n\t\t<div class=\"elementor-element elementor-element-1fc9e72 e-con-full e-flex e-con e-child\" data-id=\"1fc9e72\" data-element_type=\"container\" data-e-type=\"container\" data-settings=\"{&quot;background_background&quot;:&quot;gradient&quot;}\">\n\t\t\t\t<div class=\"elementor-element elementor-element-40e1370 elementor-invisible elementor-widget elementor-widget-heading\" data-id=\"40e1370\" data-element_type=\"widget\" data-e-type=\"widget\" data-settings=\"{&quot;_animation&quot;:&quot;fadeIn&quot;}\" data-widget_type=\"heading.default\">\n\t\t\t\t<div class=\"elementor-widget-container\">\n\t\t\t\t\t<h1 class=\"elementor-heading-title elementor-size-default\">Mi visi\u00f3n<\/h1>\t\t\t\t<\/div>\n\t\t\t\t<\/div>\n\t\t\t\t<div class=\"elementor-element elementor-element-656dea7 elementor-widget elementor-widget-text-editor\" data-id=\"656dea7\" data-element_type=\"widget\" data-e-type=\"widget\" data-widget_type=\"text-editor.default\">\n\t\t\t\t<div class=\"elementor-widget-container\">\n\t\t\t\t\t\t\t\t\t<p><span style=\"font-weight: 400;\">Como antrop\u00f3loga, soci\u00f3loga, madre, hija y coach, adopto un enfoque humanista en todos los aspectos de mi vida y mi trabajo. Creo que vivimos en una era transformadora, llena de oportunidades para cultivar la compasi\u00f3n y la conexi\u00f3n. Mi visi\u00f3n es integrar pr\u00e1cticas conscientes en el desarrollo profesional y personal mediante el coaching y la formaci\u00f3n en liderazgo.<\/span><\/p><p><span style=\"font-weight: 400;\">Busco inspirar a las personas a prosperar en sus lugares de trabajo, organizaciones y comunidades. Considero mi carrera como un camino de crecimiento continuo, dedicado a ayudar a otros a prosperar. Mis clientes me describen como optimista y motivador, motiv\u00e1ndolos a tomar decisiones informadas y a participar en conversaciones cruciales.<\/span><\/p>\t\t\t\t\t\t\t\t<\/div>\n\t\t\t\t<\/div>\n\t\t\t\t<\/div>\n\t\t\t\t<\/div>\n\t\t<div class=\"elementor-element elementor-element-7ca545d3 e-flex e-con-boxed e-con e-parent\" data-id=\"7ca545d3\" data-element_type=\"container\" data-e-type=\"container\" data-settings=\"{&quot;background_background&quot;:&quot;classic&quot;}\">\n\t\t\t\t\t<div class=\"e-con-inner\">\n\t\t<div class=\"elementor-element elementor-element-34a0504 e-con-full e-flex e-con e-child\" data-id=\"34a0504\" data-element_type=\"container\" data-e-type=\"container\" data-settings=\"{&quot;background_background&quot;:&quot;classic&quot;}\">\n\t\t\t\t<div class=\"elementor-element elementor-element-4ea556e6 elementor-view-default elementor-invisible elementor-widget elementor-widget-icon\" data-id=\"4ea556e6\" data-element_type=\"widget\" data-e-type=\"widget\" data-settings=\"{&quot;_animation&quot;:&quot;fadeIn&quot;}\" data-widget_type=\"icon.default\">\n\t\t\t\t<div class=\"elementor-widget-container\">\n\t\t\t\t\t\t\t<div class=\"elementor-icon-wrapper\">\n\t\t\t<div class=\"elementor-icon\">\n\t\t\t<svg xmlns=\"http:\/\/www.w3.org\/2000\/svg\" id=\"f512c916-4764-49f2-a8a1-f5489a2e0e46\" data-name=\"Layer 1\" width=\"42.4\" height=\"37.6\" viewbox=\"0 0 42.4 37.6\"><path d=\"M35.18,9.6Q37.38,7,42.58,7V.2q-18.2,0-18.2,20.4a85.7148,85.7148,0,0,0,1.8,17.2h16.2V22.4h-9.2V17.6Q33.18,12.2,35.18,9.6Z\" transform=\"translate(-0.1797 -0.2)\"><\/path><path d=\"M.18,20.6a87.4221,87.4221,0,0,0,2,17.2h16.2V22.4H8.98V17.6q0-5.4,2.2-8T18.58,7V.2Q.18.2.18,20.6Z\" transform=\"translate(-0.1797 -0.2)\"><\/path><\/svg>\t\t\t<\/div>\n\t\t<\/div>\n\t\t\t\t\t\t<\/div>\n\t\t\t\t<\/div>\n\t\t\t\t<div class=\"elementor-element elementor-element-5a9d9ae3 elementor-widget elementor-widget-testimonial\" data-id=\"5a9d9ae3\" data-element_type=\"widget\" data-e-type=\"widget\" data-widget_type=\"testimonial.default\">\n\t\t\t\t<div class=\"elementor-widget-container\">\n\t\t\t\t\t\t\t<div class=\"elementor-testimonial-wrapper\">\n\t\t\t\t\t\t\t<div class=\"elementor-testimonial-content\">Me comprometo a apoyar decisiones de vida y profesionales significativas y fundamentadas. Como antrop\u00f3loga y coach, cre\u00e9 mi negocio de coaching para ayudar a las personas a tomar decisiones basadas en sus valores, experiencias y contextos \u00fanicos.<\/div>\n\t\t\t\n\t\t\t\t\t\t<div class=\"elementor-testimonial-meta\">\n\t\t\t\t<div class=\"elementor-testimonial-meta-inner\">\n\t\t\t\t\t\n\t\t\t\t\t\t\t\t\t\t<div class=\"elementor-testimonial-details\">\n\t\t\t\t\t\t\t\t\t\t\t\t\t\t<div class=\"elementor-testimonial-name\">Ophelia Fox<\/div>\n\t\t\t\t\t\t\t\t\t\t\t\t\t\t\t\t\t\t\t<\/div>\n\t\t\t\t\t\t\t\t\t<\/div>\n\t\t\t<\/div>\n\t\t\t\t\t<\/div>\n\t\t\t\t\t\t<\/div>\n\t\t\t\t<\/div>\n\t\t\t\t<\/div>\n\t\t\t\t<div class=\"elementor-element elementor-element-186541c7 elementor-widget__width-initial elementor-widget-tablet__width-initial elementor-absolute elementor-invisible elementor-widget elementor-widget-spacer\" data-id=\"186541c7\" data-element_type=\"widget\" data-e-type=\"widget\" data-settings=\"{&quot;_position&quot;:&quot;absolute&quot;,&quot;_animation&quot;:&quot;slideInUp&quot;,&quot;motion_fx_motion_fx_scrolling&quot;:&quot;yes&quot;,&quot;motion_fx_translateY_effect&quot;:&quot;yes&quot;,&quot;motion_fx_translateY_affectedRange&quot;:{&quot;unit&quot;:&quot;%&quot;,&quot;size&quot;:&quot;&quot;,&quot;sizes&quot;:{&quot;start&quot;:50,&quot;end&quot;:100}},&quot;motion_fx_scale_effect&quot;:&quot;yes&quot;,&quot;motion_fx_scale_range&quot;:{&quot;unit&quot;:&quot;%&quot;,&quot;size&quot;:&quot;&quot;,&quot;sizes&quot;:{&quot;start&quot;:50,&quot;end&quot;:100}},&quot;motion_fx_translateY_speed&quot;:{&quot;unit&quot;:&quot;px&quot;,&quot;size&quot;:4,&quot;sizes&quot;:[]},&quot;motion_fx_scale_direction&quot;:&quot;out-in&quot;,&quot;motion_fx_scale_speed&quot;:{&quot;unit&quot;:&quot;px&quot;,&quot;size&quot;:4,&quot;sizes&quot;:[]},&quot;motion_fx_devices&quot;:[&quot;desktop&quot;,&quot;laptop&quot;,&quot;tablet_extra&quot;,&quot;tablet&quot;,&quot;mobile_extra&quot;,&quot;mobile&quot;]}\" data-widget_type=\"spacer.default\">\n\t\t\t\t<div class=\"elementor-widget-container\">\n\t\t\t\t\t\t\t<div class=\"elementor-spacer\">\n\t\t\t<div class=\"elementor-spacer-inner\"><\/div>\n\t\t<\/div>\n\t\t\t\t\t\t<\/div>\n\t\t\t\t<\/div>\n\t\t\t\t\t<\/div>\n\t\t\t\t<\/div>\n\t\t\t\t<\/div>","protected":false},"excerpt":{"rendered":"<p>My Journey I was born in London, I spent my formative years in the vibrant tapestry of 1980s New York City before moving to Chile and Peru to pursue a path in Latin America. My multicultural upbringing profoundly shaped my worldview and understanding of diversity and interpersonal dynamics.\u00a0 Growing up in New York and studying [&hellip;]<\/p>","protected":false},"author":1,"featured_media":888,"parent":0,"menu_order":0,"comment_status":"closed","ping_status":"closed","template":"","meta":{"_monsterinsights_skip_tracking":false,"_monsterinsights_sitenote_active":false,"_monsterinsights_sitenote_note":"","_monsterinsights_sitenote_category":0,"footnotes":""},"class_list":["post-60","page","type-page","status-publish","has-post-thumbnail","hentry"],"aioseo_notices":[],"jetpack_sharing_enabled":true,"_links":{"self":[{"href":"https:\/\/opheliafox.com\/es\/wp-json\/wp\/v2\/pages\/60","targetHints":{"allow":["GET"]}}],"collection":[{"href":"https:\/\/opheliafox.com\/es\/wp-json\/wp\/v2\/pages"}],"about":[{"href":"https:\/\/opheliafox.com\/es\/wp-json\/wp\/v2\/types\/page"}],"author":[{"embeddable":true,"href":"https:\/\/opheliafox.com\/es\/wp-json\/wp\/v2\/users\/1"}],"replies":[{"embeddable":true,"href":"https:\/\/opheliafox.com\/es\/wp-json\/wp\/v2\/comments?post=60"}],"version-history":[{"count":25,"href":"https:\/\/opheliafox.com\/es\/wp-json\/wp\/v2\/pages\/60\/revisions"}],"predecessor-version":[{"id":1981,"href":"https:\/\/opheliafox.com\/es\/wp-json\/wp\/v2\/pages\/60\/revisions\/1981"}],"wp:featuredmedia":[{"embeddable":true,"href":"https:\/\/opheliafox.com\/es\/wp-json\/wp\/v2\/media\/888"}],"wp:attachment":[{"href":"https:\/\/opheliafox.com\/es\/wp-json\/wp\/v2\/media?parent=60"}],"curies":[{"name":"wp","href":"https:\/\/api.w.org\/{rel}","templated":true}]}}